{"id":3,"date":"2023-09-28T09:34:45","date_gmt":"2023-09-28T09:34:45","guid":{"rendered":"https:\/\/teama.techcommin.com\/mantara\/?page_id=3"},"modified":"2023-12-11T13:37:41","modified_gmt":"2023-12-11T05:37:41","slug":"privacy-statement","status":"publish","type":"page","link":"https:\/\/www.mantara-uk.com\/es\/privacy-statement\/","title":{"rendered":"Declaracion de Privacidad"},"content":{"rendered":"<div data-elementor-type=\"wp-page\" data-elementor-id=\"3\" class=\"elementor elementor-3\" data-elementor-post-type=\"page\">\n\t\t\t\t<div class=\"elementor-element elementor-element-5d0d6ac e-flex e-con-boxed wd-section-disabled e-con e-parent\" data-id=\"5d0d6ac\" data-element_type=\"container\">\n\t\t\t\t\t<div class=\"e-con-inner\">\n\t\t\t\t<div class=\"elementor-element elementor-element-ecf7186 elementor-widget elementor-widget-wd_text_block\" data-id=\"ecf7186\" data-element_type=\"widget\" data-widget_type=\"wd_text_block.default\">\n\t\t\t\t<div class=\"elementor-widget-container\">\n\t\t\t\t\t<div class=\"wd-text-block reset-last-child text-left\">\n\t\t\t\n\t\t\t<p>Su privacidad es importante para nosotros.<\/p><p>Es pol\u00edtica de Mantara Ltd. respetar su privacidad con respecto a cualquier informaci\u00f3n que podamos recopilar mientras operamos nuestro sitio web. En consecuencia, hemos desarrollado esta pol\u00edtica de privacidad para que usted comprenda c\u00f3mo recopilamos, usamos, comunicamos, divulgamos y hacemos uso de la informaci\u00f3n personal. A continuaci\u00f3n describimos nuestra pol\u00edtica de privacidad.<\/p><p>Recopilaremos informaci\u00f3n personal por medios legales y justos y, cuando corresponda, con el conocimiento o consentimiento del individuo en cuesti\u00f3n.<\/p><p>Antes o en el momento de recopilar informaci\u00f3n personal, identificaremos los prop\u00f3sitos para los cuales se recopila la informaci\u00f3n.<\/p><p>Recopilaremos y utilizaremos informaci\u00f3n personal \u00fanicamente para cumplir los fines especificados por nosotros y para otros fines auxiliares, a menos que obtengamos el consentimiento del individuo en cuesti\u00f3n o seg\u00fan lo exija la ley.<\/p><p>Los datos personales deben ser relevantes para los fines para los cuales se utilizar\u00e1n y, en la medida necesaria para esos fines, deben ser precisos, completos y actualizados.<\/p><p>Protegeremos la informaci\u00f3n personal mediante el uso de medidas de seguridad razonables contra p\u00e9rdida o robo, as\u00ed como contra el acceso, divulgaci\u00f3n, copia, uso o modificaci\u00f3n no autorizados.<\/p><p>Pondremos a disposici\u00f3n de los clientes informaci\u00f3n sobre nuestras pol\u00edticas y pr\u00e1cticas relacionadas con la gesti\u00f3n de informaci\u00f3n personal.<\/p><p>Solo conservaremos informaci\u00f3n personal durante el tiempo que sea necesario para el cumplimiento de dichos fines.<\/p><p>Nos comprometemos a realizar nuestro negocio de acuerdo con estos principios para garantizar que se proteja y mantenga la confidencialidad de la informaci\u00f3n personal. Mantara Ltd. puede cambiar esta pol\u00edtica de privacidad de vez en cuando a su exclusivo criterio.<\/p>\n\t\t\t\t\t<\/div>\n\t\t\t\t<\/div>\n\t\t\t\t<\/div>\n\t\t\t\t\t<\/div>\n\t\t\t\t<\/div>\n\t\t\t\t<\/div>","protected":false},"excerpt":{"rendered":"<p>Your privacy is important to us. It is Mantara Ltd. policy to respect your privacy regarding any information we may<\/p>","protected":false},"author":1,"featured_media":0,"parent":0,"menu_order":0,"comment_status":"closed","ping_status":"closed","template":"","meta":{"footnotes":""},"class_list":["post-3","page","type-page","status-publish","hentry"],"yoast_head":"<!-- This site is optimized with the Yoast SEO plugin v23.4 - https:\/\/yoast.com\/wordpress\/plugins\/seo\/ -->\n<title>Privacy Statement - Mantara Ltd.<\/title>\n<meta name=\"description\" content=\"Mantara is a leading export company dedicated to manufacturing and supplying an extensive range of top-quality beauty and self-care products.\" \/>\n<meta name=\"robots\" content=\"index, follow, max-snippet:-1, max-image-preview:large, max-video-preview:-1\" \/>\n<link rel=\"canonical\" href=\"https:\/\/www.mantara-uk.com\/es\/privacy-statement\/\" \/>\n<meta property=\"og:locale\" content=\"es_ES\" \/>\n<meta property=\"og:type\" content=\"article\" \/>\n<meta property=\"og:title\" content=\"Privacy Statement - Mantara Ltd.\" \/>\n<meta property=\"og:description\" content=\"Mantara is a leading export company dedicated to manufacturing and supplying an extensive range of top-quality beauty and self-care products.\" \/>\n<meta property=\"og:url\" content=\"https:\/\/www.mantara-uk.com\/es\/privacy-statement\/\" \/>\n<meta property=\"og:site_name\" content=\"Mantara Ltd.\" \/>\n<meta property=\"article:publisher\" content=\"https:\/\/www.facebook.com\/profile.php?id=61553702361351\" \/>\n<meta property=\"article:modified_time\" content=\"2023-12-11T05:37:41+00:00\" \/>\n<meta property=\"og:image\" content=\"https:\/\/www.mantara-uk.com\/wp-content\/uploads\/2023\/09\/Mantara-favlogo.webp\" \/>\n\t<meta property=\"og:image:width\" content=\"200\" \/>\n\t<meta property=\"og:image:height\" content=\"197\" \/>\n\t<meta property=\"og:image:type\" content=\"image\/webp\" \/>\n<meta name=\"twitter:card\" content=\"summary_large_image\" \/>\n<meta name=\"twitter:site\" content=\"@mantarauk\" \/>\n<meta name=\"twitter:label1\" content=\"Tiempo de lectura\" \/>\n\t<meta name=\"twitter:data1\" content=\"2 minutos\" \/>\n<script type=\"application\/ld+json\" class=\"yoast-schema-graph\">{\"@context\":\"https:\/\/schema.org\",\"@graph\":[{\"@type\":\"WebPage\",\"@id\":\"https:\/\/www.mantara-uk.com\/privacy-statement\/\",\"url\":\"https:\/\/www.mantara-uk.com\/privacy-statement\/\",\"name\":\"Privacy Statement - Mantara Ltd.\",\"isPartOf\":{\"@id\":\"https:\/\/www.mantara-uk.com\/#website\"},\"datePublished\":\"2023-09-28T09:34:45+00:00\",\"dateModified\":\"2023-12-11T05:37:41+00:00\",\"description\":\"Mantara is a leading export company dedicated to manufacturing and supplying an extensive range of top-quality beauty and self-care products.\",\"breadcrumb\":{\"@id\":\"https:\/\/www.mantara-uk.com\/privacy-statement\/#breadcrumb\"},\"inLanguage\":\"es\",\"potentialAction\":[{\"@type\":\"ReadAction\",\"target\":[\"https:\/\/www.mantara-uk.com\/privacy-statement\/\"]}]},{\"@type\":\"BreadcrumbList\",\"@id\":\"https:\/\/www.mantara-uk.com\/privacy-statement\/#breadcrumb\",\"itemListElement\":[{\"@type\":\"ListItem\",\"position\":1,\"name\":\"Home\",\"item\":\"https:\/\/www.mantara-uk.com\/\"},{\"@type\":\"ListItem\",\"position\":2,\"name\":\"Privacy Statement\"}]},{\"@type\":\"WebSite\",\"@id\":\"https:\/\/www.mantara-uk.com\/#website\",\"url\":\"https:\/\/www.mantara-uk.com\/\",\"name\":\"Mantara Ltd.\",\"description\":\"Welcome to Mantara Ltd., your premier partner in the world of beauty and self-care.\",\"publisher\":{\"@id\":\"https:\/\/www.mantara-uk.com\/#organization\"},\"alternateName\":\"Mantara Ltd.\",\"potentialAction\":[{\"@type\":\"SearchAction\",\"target\":{\"@type\":\"EntryPoint\",\"urlTemplate\":\"https:\/\/www.mantara-uk.com\/?s={search_term_string}\"},\"query-input\":{\"@type\":\"PropertyValueSpecification\",\"valueRequired\":true,\"valueName\":\"search_term_string\"}}],\"inLanguage\":\"es\"},{\"@type\":\"Organization\",\"@id\":\"https:\/\/www.mantara-uk.com\/#organization\",\"name\":\"Mantara Ltd.\",\"alternateName\":\"Mantara Ltd.\",\"url\":\"https:\/\/www.mantara-uk.com\/\",\"logo\":{\"@type\":\"ImageObject\",\"inLanguage\":\"es\",\"@id\":\"https:\/\/www.mantara-uk.com\/#\/schema\/logo\/image\/\",\"url\":\"https:\/\/www.mantara-uk.com\/wp-content\/uploads\/2023\/12\/image-175.png\",\"contentUrl\":\"https:\/\/www.mantara-uk.com\/wp-content\/uploads\/2023\/12\/image-175.png\",\"width\":2522,\"height\":2493,\"caption\":\"Mantara Ltd.\"},\"image\":{\"@id\":\"https:\/\/www.mantara-uk.com\/#\/schema\/logo\/image\/\"},\"sameAs\":[\"https:\/\/www.facebook.com\/profile.php?id=61553702361351\",\"https:\/\/x.com\/mantarauk\",\"https:\/\/www.instagram.com\/mantarauk\/\"]}]}<\/script>\n<!-- \/ Yoast SEO plugin. -->","yoast_head_json":{"title":"Privacy Statement - Mantara Ltd.","description":"Mantara is a leading export company dedicated to manufacturing and supplying an extensive range of top-quality beauty and self-care products.","robots":{"index":"index","follow":"follow","max-snippet":"max-snippet:-1","max-image-preview":"max-image-preview:large","max-video-preview":"max-video-preview:-1"},"canonical":"https:\/\/www.mantara-uk.com\/es\/privacy-statement\/","og_locale":"es_ES","og_type":"article","og_title":"Privacy Statement - Mantara Ltd.","og_description":"Mantara is a leading export company dedicated to manufacturing and supplying an extensive range of top-quality beauty and self-care products.","og_url":"https:\/\/www.mantara-uk.com\/es\/privacy-statement\/","og_site_name":"Mantara Ltd.","article_publisher":"https:\/\/www.facebook.com\/profile.php?id=61553702361351","article_modified_time":"2023-12-11T05:37:41+00:00","og_image":[{"width":200,"height":197,"url":"https:\/\/www.mantara-uk.com\/wp-content\/uploads\/2023\/09\/Mantara-favlogo.webp","type":"image\/webp"}],"twitter_card":"summary_large_image","twitter_site":"@mantarauk","twitter_misc":{"Tiempo de lectura":"2 minutos"},"schema":{"@context":"https:\/\/schema.org","@graph":[{"@type":"WebPage","@id":"https:\/\/www.mantara-uk.com\/privacy-statement\/","url":"https:\/\/www.mantara-uk.com\/privacy-statement\/","name":"Privacy Statement - Mantara Ltd.","isPartOf":{"@id":"https:\/\/www.mantara-uk.com\/#website"},"datePublished":"2023-09-28T09:34:45+00:00","dateModified":"2023-12-11T05:37:41+00:00","description":"Mantara is a leading export company dedicated to manufacturing and supplying an extensive range of top-quality beauty and self-care products.","breadcrumb":{"@id":"https:\/\/www.mantara-uk.com\/privacy-statement\/#breadcrumb"},"inLanguage":"es","potentialAction":[{"@type":"ReadAction","target":["https:\/\/www.mantara-uk.com\/privacy-statement\/"]}]},{"@type":"BreadcrumbList","@id":"https:\/\/www.mantara-uk.com\/privacy-statement\/#breadcrumb","itemListElement":[{"@type":"ListItem","position":1,"name":"Home","item":"https:\/\/www.mantara-uk.com\/"},{"@type":"ListItem","position":2,"name":"Privacy Statement"}]},{"@type":"WebSite","@id":"https:\/\/www.mantara-uk.com\/#website","url":"https:\/\/www.mantara-uk.com\/","name":"Mantara Ltd.","description":"Welcome to Mantara Ltd., your premier partner in the world of beauty and self-care.","publisher":{"@id":"https:\/\/www.mantara-uk.com\/#organization"},"alternateName":"Mantara Ltd.","potentialAction":[{"@type":"SearchAction","target":{"@type":"EntryPoint","urlTemplate":"https:\/\/www.mantara-uk.com\/?s={search_term_string}"},"query-input":{"@type":"PropertyValueSpecification","valueRequired":true,"valueName":"search_term_string"}}],"inLanguage":"es"},{"@type":"Organization","@id":"https:\/\/www.mantara-uk.com\/#organization","name":"Mantara Ltd.","alternateName":"Mantara Ltd.","url":"https:\/\/www.mantara-uk.com\/","logo":{"@type":"ImageObject","inLanguage":"es","@id":"https:\/\/www.mantara-uk.com\/#\/schema\/logo\/image\/","url":"https:\/\/www.mantara-uk.com\/wp-content\/uploads\/2023\/12\/image-175.png","contentUrl":"https:\/\/www.mantara-uk.com\/wp-content\/uploads\/2023\/12\/image-175.png","width":2522,"height":2493,"caption":"Mantara Ltd."},"image":{"@id":"https:\/\/www.mantara-uk.com\/#\/schema\/logo\/image\/"},"sameAs":["https:\/\/www.facebook.com\/profile.php?id=61553702361351","https:\/\/x.com\/mantarauk","https:\/\/www.instagram.com\/mantarauk\/"]}]}},"_links":{"self":[{"href":"https:\/\/www.mantara-uk.com\/es\/wp-json\/wp\/v2\/pages\/3","targetHints":{"allow":["GET"]}}],"collection":[{"href":"https:\/\/www.mantara-uk.com\/es\/wp-json\/wp\/v2\/pages"}],"about":[{"href":"https:\/\/www.mantara-uk.com\/es\/wp-json\/wp\/v2\/types\/page"}],"author":[{"embeddable":true,"href":"https:\/\/www.mantara-uk.com\/es\/wp-json\/wp\/v2\/users\/1"}],"replies":[{"embeddable":true,"href":"https:\/\/www.mantara-uk.com\/es\/wp-json\/wp\/v2\/comments?post=3"}],"version-history":[{"count":12,"href":"https:\/\/www.mantara-uk.com\/es\/wp-json\/wp\/v2\/pages\/3\/revisions"}],"predecessor-version":[{"id":17476,"href":"https:\/\/www.mantara-uk.com\/es\/wp-json\/wp\/v2\/pages\/3\/revisions\/17476"}],"wp:attachment":[{"href":"https:\/\/www.mantara-uk.com\/es\/wp-json\/wp\/v2\/media?parent=3"}],"curies":[{"name":"wp","href":"https:\/\/api.w.org\/{rel}","templated":true}]}}