{"id":16504,"date":"2023-11-17T14:02:07","date_gmt":"2023-11-17T14:02:07","guid":{"rendered":"https:\/\/teama.techcommin.com\/mantara\/?post_type=product&#038;p=16504"},"modified":"2024-09-04T12:02:16","modified_gmt":"2024-09-04T04:02:16","slug":"heated-eyelash-curler","status":"publish","type":"product","link":"https:\/\/www.mantara-uk.com\/es\/producto\/heated-eyelash-curler\/","title":{"rendered":"Rizador de pesta\u00f1as calentado"},"content":{"rendered":"<p><strong>Dia de entrega: <\/strong>40 d\u00edas despu\u00e9s de recibir el dep\u00f3sito y 20 d\u00edas antes de la entrega de la confirmaci\u00f3n serigrafiada.<\/p>\n<p><strong>Detalles de empaque:<\/strong> 100 piezas<br \/>\n40*28,5*38,5 cm<\/p>","protected":false},"excerpt":{"rendered":"<p style=\"text-align: left\">BV18-305<br \/>\nRizador de pesta\u00f1as calentado<br \/>\nMaterial: ABS + PC + silicona<br \/>\nBater\u00eda: 3,7 V 500 mah<br \/>\nCarga: DC5V 300ma<br \/>\nTiempo de carga: 2-2,5 horas<br \/>\nTiempo de uso: una vez 2-5 minutos, puede usar 45 d\u00edas<br \/>\nPotencia operativa nominal 1,5w<\/p>","protected":false},"featured_media":16505,"template":"","meta":[],"product_cat":[32,75],"product_tag":[],"class_list":["post-16504","product","type-product","status-publish","has-post-thumbnail","hentry","product_cat-beauty","product_cat-facial-care"],"yoast_head":"<!-- This site is optimized with the Yoast SEO plugin v23.4 - https:\/\/yoast.com\/wordpress\/plugins\/seo\/ -->\n<title>Heated Eyelash Curler - Mantara Ltd.<\/title>\n<meta name=\"description\" content=\"Mantara is a leading export company dedicated to manufacturing and supplying an extensive range of top-quality beauty and self-care products.\" \/>\n<meta name=\"robots\" content=\"index, follow, max-snippet:-1, max-image-preview:large, max-video-preview:-1\" \/>\n<link rel=\"canonical\" href=\"https:\/\/www.mantara-uk.com\/es\/producto\/heated-eyelash-curler\/\" \/>\n<meta property=\"og:locale\" content=\"es_ES\" \/>\n<meta property=\"og:type\" content=\"article\" \/>\n<meta property=\"og:title\" content=\"Heated Eyelash Curler - Mantara Ltd.\" \/>\n<meta property=\"og:description\" content=\"Mantara is a leading export company dedicated to manufacturing and supplying an extensive range of top-quality beauty and self-care products.\" \/>\n<meta property=\"og:url\" content=\"https:\/\/www.mantara-uk.com\/es\/producto\/heated-eyelash-curler\/\" \/>\n<meta property=\"og:site_name\" content=\"Mantara Ltd.\" \/>\n<meta property=\"article:publisher\" content=\"https:\/\/www.facebook.com\/profile.php?id=61553702361351\" \/>\n<meta property=\"article:modified_time\" content=\"2024-09-04T04:02:16+00:00\" \/>\n<meta property=\"og:image\" content=\"https:\/\/www.mantara-uk.com\/wp-content\/uploads\/2023\/11\/SRYG1001-1.png\" \/>\n\t<meta property=\"og:image:width\" content=\"850\" \/>\n\t<meta property=\"og:image:height\" content=\"800\" \/>\n\t<meta property=\"og:image:type\" content=\"image\/png\" \/>\n<meta name=\"twitter:card\" content=\"summary_large_image\" \/>\n<meta name=\"twitter:site\" content=\"@mantarauk\" \/>\n<script type=\"application\/ld+json\" class=\"yoast-schema-graph\">{\"@context\":\"https:\/\/schema.org\",\"@graph\":[{\"@type\":\"WebPage\",\"@id\":\"https:\/\/www.mantara-uk.com\/product\/heated-eyelash-curler\/\",\"url\":\"https:\/\/www.mantara-uk.com\/product\/heated-eyelash-curler\/\",\"name\":\"Heated Eyelash Curler - Mantara Ltd.\",\"isPartOf\":{\"@id\":\"https:\/\/www.mantara-uk.com\/#website\"},\"primaryImageOfPage\":{\"@id\":\"https:\/\/www.mantara-uk.com\/product\/heated-eyelash-curler\/#primaryimage\"},\"image\":{\"@id\":\"https:\/\/www.mantara-uk.com\/product\/heated-eyelash-curler\/#primaryimage\"},\"thumbnailUrl\":\"https:\/\/www.mantara-uk.com\/wp-content\/uploads\/2023\/11\/SRYG1001-1.png\",\"datePublished\":\"2023-11-17T14:02:07+00:00\",\"dateModified\":\"2024-09-04T04:02:16+00:00\",\"description\":\"Mantara is a leading export company dedicated to manufacturing and supplying an extensive range of top-quality beauty and self-care products.\",\"breadcrumb\":{\"@id\":\"https:\/\/www.mantara-uk.com\/product\/heated-eyelash-curler\/#breadcrumb\"},\"inLanguage\":\"es\",\"potentialAction\":[{\"@type\":\"ReadAction\",\"target\":[\"https:\/\/www.mantara-uk.com\/product\/heated-eyelash-curler\/\"]}]},{\"@type\":\"ImageObject\",\"inLanguage\":\"es\",\"@id\":\"https:\/\/www.mantara-uk.com\/product\/heated-eyelash-curler\/#primaryimage\",\"url\":\"https:\/\/www.mantara-uk.com\/wp-content\/uploads\/2023\/11\/SRYG1001-1.png\",\"contentUrl\":\"https:\/\/www.mantara-uk.com\/wp-content\/uploads\/2023\/11\/SRYG1001-1.png\",\"width\":850,\"height\":800},{\"@type\":\"BreadcrumbList\",\"@id\":\"https:\/\/www.mantara-uk.com\/product\/heated-eyelash-curler\/#breadcrumb\",\"itemListElement\":[{\"@type\":\"ListItem\",\"position\":1,\"name\":\"Home\",\"item\":\"https:\/\/www.mantara-uk.com\/\"},{\"@type\":\"ListItem\",\"position\":2,\"name\":\"Products\",\"item\":\"https:\/\/www.mantara-uk.com\/products\/\"},{\"@type\":\"ListItem\",\"position\":3,\"name\":\"Heated Eyelash Curler\"}]},{\"@type\":\"WebSite\",\"@id\":\"https:\/\/www.mantara-uk.com\/#website\",\"url\":\"https:\/\/www.mantara-uk.com\/\",\"name\":\"Mantara Ltd.\",\"description\":\"Welcome to Mantara Ltd., your premier partner in the world of beauty and self-care.\",\"publisher\":{\"@id\":\"https:\/\/www.mantara-uk.com\/#organization\"},\"alternateName\":\"Mantara Ltd.\",\"potentialAction\":[{\"@type\":\"SearchAction\",\"target\":{\"@type\":\"EntryPoint\",\"urlTemplate\":\"https:\/\/www.mantara-uk.com\/?s={search_term_string}\"},\"query-input\":{\"@type\":\"PropertyValueSpecification\",\"valueRequired\":true,\"valueName\":\"search_term_string\"}}],\"inLanguage\":\"es\"},{\"@type\":\"Organization\",\"@id\":\"https:\/\/www.mantara-uk.com\/#organization\",\"name\":\"Mantara Ltd.\",\"alternateName\":\"Mantara Ltd.\",\"url\":\"https:\/\/www.mantara-uk.com\/\",\"logo\":{\"@type\":\"ImageObject\",\"inLanguage\":\"es\",\"@id\":\"https:\/\/www.mantara-uk.com\/#\/schema\/logo\/image\/\",\"url\":\"https:\/\/www.mantara-uk.com\/wp-content\/uploads\/2023\/12\/image-175.png\",\"contentUrl\":\"https:\/\/www.mantara-uk.com\/wp-content\/uploads\/2023\/12\/image-175.png\",\"width\":2522,\"height\":2493,\"caption\":\"Mantara Ltd.\"},\"image\":{\"@id\":\"https:\/\/www.mantara-uk.com\/#\/schema\/logo\/image\/\"},\"sameAs\":[\"https:\/\/www.facebook.com\/profile.php?id=61553702361351\",\"https:\/\/x.com\/mantarauk\",\"https:\/\/www.instagram.com\/mantarauk\/\"]}]}<\/script>\n<!-- \/ Yoast SEO plugin. -->","yoast_head_json":{"title":"Heated Eyelash Curler - Mantara Ltd.","description":"Mantara is a leading export company dedicated to manufacturing and supplying an extensive range of top-quality beauty and self-care products.","robots":{"index":"index","follow":"follow","max-snippet":"max-snippet:-1","max-image-preview":"max-image-preview:large","max-video-preview":"max-video-preview:-1"},"canonical":"https:\/\/www.mantara-uk.com\/es\/producto\/heated-eyelash-curler\/","og_locale":"es_ES","og_type":"article","og_title":"Heated Eyelash Curler - Mantara Ltd.","og_description":"Mantara is a leading export company dedicated to manufacturing and supplying an extensive range of top-quality beauty and self-care products.","og_url":"https:\/\/www.mantara-uk.com\/es\/producto\/heated-eyelash-curler\/","og_site_name":"Mantara Ltd.","article_publisher":"https:\/\/www.facebook.com\/profile.php?id=61553702361351","article_modified_time":"2024-09-04T04:02:16+00:00","og_image":[{"width":850,"height":800,"url":"https:\/\/www.mantara-uk.com\/wp-content\/uploads\/2023\/11\/SRYG1001-1.png","type":"image\/png"}],"twitter_card":"summary_large_image","twitter_site":"@mantarauk","schema":{"@context":"https:\/\/schema.org","@graph":[{"@type":"WebPage","@id":"https:\/\/www.mantara-uk.com\/product\/heated-eyelash-curler\/","url":"https:\/\/www.mantara-uk.com\/product\/heated-eyelash-curler\/","name":"Heated Eyelash Curler - Mantara Ltd.","isPartOf":{"@id":"https:\/\/www.mantara-uk.com\/#website"},"primaryImageOfPage":{"@id":"https:\/\/www.mantara-uk.com\/product\/heated-eyelash-curler\/#primaryimage"},"image":{"@id":"https:\/\/www.mantara-uk.com\/product\/heated-eyelash-curler\/#primaryimage"},"thumbnailUrl":"https:\/\/www.mantara-uk.com\/wp-content\/uploads\/2023\/11\/SRYG1001-1.png","datePublished":"2023-11-17T14:02:07+00:00","dateModified":"2024-09-04T04:02:16+00:00","description":"Mantara is a leading export company dedicated to manufacturing and supplying an extensive range of top-quality beauty and self-care products.","breadcrumb":{"@id":"https:\/\/www.mantara-uk.com\/product\/heated-eyelash-curler\/#breadcrumb"},"inLanguage":"es","potentialAction":[{"@type":"ReadAction","target":["https:\/\/www.mantara-uk.com\/product\/heated-eyelash-curler\/"]}]},{"@type":"ImageObject","inLanguage":"es","@id":"https:\/\/www.mantara-uk.com\/product\/heated-eyelash-curler\/#primaryimage","url":"https:\/\/www.mantara-uk.com\/wp-content\/uploads\/2023\/11\/SRYG1001-1.png","contentUrl":"https:\/\/www.mantara-uk.com\/wp-content\/uploads\/2023\/11\/SRYG1001-1.png","width":850,"height":800},{"@type":"BreadcrumbList","@id":"https:\/\/www.mantara-uk.com\/product\/heated-eyelash-curler\/#breadcrumb","itemListElement":[{"@type":"ListItem","position":1,"name":"Home","item":"https:\/\/www.mantara-uk.com\/"},{"@type":"ListItem","position":2,"name":"Products","item":"https:\/\/www.mantara-uk.com\/products\/"},{"@type":"ListItem","position":3,"name":"Heated Eyelash Curler"}]},{"@type":"WebSite","@id":"https:\/\/www.mantara-uk.com\/#website","url":"https:\/\/www.mantara-uk.com\/","name":"Mantara Ltd.","description":"Welcome to Mantara Ltd., your premier partner in the world of beauty and self-care.","publisher":{"@id":"https:\/\/www.mantara-uk.com\/#organization"},"alternateName":"Mantara Ltd.","potentialAction":[{"@type":"SearchAction","target":{"@type":"EntryPoint","urlTemplate":"https:\/\/www.mantara-uk.com\/?s={search_term_string}"},"query-input":{"@type":"PropertyValueSpecification","valueRequired":true,"valueName":"search_term_string"}}],"inLanguage":"es"},{"@type":"Organization","@id":"https:\/\/www.mantara-uk.com\/#organization","name":"Mantara Ltd.","alternateName":"Mantara Ltd.","url":"https:\/\/www.mantara-uk.com\/","logo":{"@type":"ImageObject","inLanguage":"es","@id":"https:\/\/www.mantara-uk.com\/#\/schema\/logo\/image\/","url":"https:\/\/www.mantara-uk.com\/wp-content\/uploads\/2023\/12\/image-175.png","contentUrl":"https:\/\/www.mantara-uk.com\/wp-content\/uploads\/2023\/12\/image-175.png","width":2522,"height":2493,"caption":"Mantara Ltd."},"image":{"@id":"https:\/\/www.mantara-uk.com\/#\/schema\/logo\/image\/"},"sameAs":["https:\/\/www.facebook.com\/profile.php?id=61553702361351","https:\/\/x.com\/mantarauk","https:\/\/www.instagram.com\/mantarauk\/"]}]}},"_links":{"self":[{"href":"https:\/\/www.mantara-uk.com\/es\/wp-json\/wp\/v2\/product\/16504","targetHints":{"allow":["GET"]}}],"collection":[{"href":"https:\/\/www.mantara-uk.com\/es\/wp-json\/wp\/v2\/product"}],"about":[{"href":"https:\/\/www.mantara-uk.com\/es\/wp-json\/wp\/v2\/types\/product"}],"version-history":[{"count":7,"href":"https:\/\/www.mantara-uk.com\/es\/wp-json\/wp\/v2\/product\/16504\/revisions"}],"predecessor-version":[{"id":17992,"href":"https:\/\/www.mantara-uk.com\/es\/wp-json\/wp\/v2\/product\/16504\/revisions\/17992"}],"wp:featuredmedia":[{"embeddable":true,"href":"https:\/\/www.mantara-uk.com\/es\/wp-json\/wp\/v2\/media\/16505"}],"wp:attachment":[{"href":"https:\/\/www.mantara-uk.com\/es\/wp-json\/wp\/v2\/media?parent=16504"}],"wp:term":[{"taxonomy":"product_cat","embeddable":true,"href":"https:\/\/www.mantara-uk.com\/es\/wp-json\/wp\/v2\/product_cat?post=16504"},{"taxonomy":"product_tag","embeddable":true,"href":"https:\/\/www.mantara-uk.com\/es\/wp-json\/wp\/v2\/product_tag?post=16504"}],"curies":[{"name":"wp","href":"https:\/\/api.w.org\/{rel}","templated":true}]}}