{"id":16887,"date":"2023-11-22T04:05:18","date_gmt":"2023-11-22T04:05:18","guid":{"rendered":"https:\/\/teama.techcommin.com\/mantara\/?post_type=product&#038;p=16887"},"modified":"2024-09-04T11:59:58","modified_gmt":"2024-09-04T03:59:58","slug":"electric-multi-function-shaver-2","status":"publish","type":"product","link":"https:\/\/www.mantara-uk.com\/es\/producto\/electric-multi-function-shaver-2\/","title":{"rendered":"Afeitadora el\u00e9ctrica multifunci\u00f3n"},"content":{"rendered":"","protected":false},"excerpt":{"rendered":"<p>Afeitadora el\u00e9ctrica multifunci\u00f3n<\/p>\n<p>Material del cuerpo: ABS<\/p>\n<p>1. Especificaci\u00f3n de la bater\u00eda: bater\u00eda de litio<br \/>\nCapacidad de la bater\u00eda: 500 mAh<br \/>\nTiempo de carga: 1h<br \/>\nTiempo de descarga de la maquinilla de afeitar: unos 90 minutos<br \/>\nTiempo de descarga del peluquero: unos 60 minutos.<br \/>\nTiempo de descarga del vello de la nariz: aproximadamente 120 minutos<br \/>\nCon luz indicadora de carga, interfaz de 8 colas<br \/>\nLongitud de la l\u00ednea de carga: 0,8 M Corriente de voltaje: 5V\/500mA<br \/>\nPar\u00e1metro de especificaci\u00f3n del cable USB: 0,8 M<br \/>\nPotencia: 3W<\/p>\n<p>Descripci\u00f3n de accesorios:<br \/>\n1. Cepillo de limpieza<br \/>\n2. Cable de alimentaci\u00f3n USB<br \/>\n3. Instrucciones<br \/>\n4. Botella de aceite<br \/>\n5. Cubierta protectora del cabezal del cuchillo<br \/>\n6. Accesorios de barber\u00eda<br \/>\n7. Accesorios para el pelo de la nariz<\/p>","protected":false},"featured_media":16888,"template":"","meta":[],"product_cat":[20,73],"product_tag":[],"class_list":["post-16887","product","type-product","status-publish","has-post-thumbnail","hentry","product_cat-grooming","product_cat-trimming"],"yoast_head":"<!-- This site is optimized with the Yoast SEO plugin v23.4 - https:\/\/yoast.com\/wordpress\/plugins\/seo\/ -->\n<title>Electric Multi-function Shaver - Mantara Ltd.<\/title>\n<meta name=\"description\" content=\"Mantara is a leading export company dedicated to manufacturing and supplying an extensive range of top-quality beauty and self-care products.\" \/>\n<meta name=\"robots\" content=\"index, follow, max-snippet:-1, max-image-preview:large, max-video-preview:-1\" \/>\n<link rel=\"canonical\" href=\"https:\/\/www.mantara-uk.com\/es\/producto\/electric-multi-function-shaver-2\/\" \/>\n<meta property=\"og:locale\" content=\"es_ES\" \/>\n<meta property=\"og:type\" content=\"article\" \/>\n<meta property=\"og:title\" content=\"Electric Multi-function Shaver - Mantara Ltd.\" \/>\n<meta property=\"og:description\" content=\"Mantara is a leading export company dedicated to manufacturing and supplying an extensive range of top-quality beauty and self-care products.\" \/>\n<meta property=\"og:url\" content=\"https:\/\/www.mantara-uk.com\/es\/producto\/electric-multi-function-shaver-2\/\" \/>\n<meta property=\"og:site_name\" content=\"Mantara Ltd.\" \/>\n<meta property=\"article:publisher\" content=\"https:\/\/www.facebook.com\/profile.php?id=61553702361351\" \/>\n<meta property=\"article:modified_time\" content=\"2024-09-04T03:59:58+00:00\" \/>\n<meta property=\"og:image\" content=\"https:\/\/www.mantara-uk.com\/wp-content\/uploads\/2023\/11\/SRD1005-1.png\" \/>\n\t<meta property=\"og:image:width\" content=\"763\" \/>\n\t<meta property=\"og:image:height\" content=\"783\" \/>\n\t<meta property=\"og:image:type\" content=\"image\/png\" \/>\n<meta name=\"twitter:card\" content=\"summary_large_image\" \/>\n<meta name=\"twitter:site\" content=\"@mantarauk\" \/>\n<script type=\"application\/ld+json\" class=\"yoast-schema-graph\">{\"@context\":\"https:\/\/schema.org\",\"@graph\":[{\"@type\":\"WebPage\",\"@id\":\"https:\/\/www.mantara-uk.com\/product\/electric-multi-function-shaver-2\/\",\"url\":\"https:\/\/www.mantara-uk.com\/product\/electric-multi-function-shaver-2\/\",\"name\":\"Electric Multi-function Shaver - Mantara Ltd.\",\"isPartOf\":{\"@id\":\"https:\/\/www.mantara-uk.com\/#website\"},\"primaryImageOfPage\":{\"@id\":\"https:\/\/www.mantara-uk.com\/product\/electric-multi-function-shaver-2\/#primaryimage\"},\"image\":{\"@id\":\"https:\/\/www.mantara-uk.com\/product\/electric-multi-function-shaver-2\/#primaryimage\"},\"thumbnailUrl\":\"https:\/\/www.mantara-uk.com\/wp-content\/uploads\/2023\/11\/SRD1005-1.png\",\"datePublished\":\"2023-11-22T04:05:18+00:00\",\"dateModified\":\"2024-09-04T03:59:58+00:00\",\"description\":\"Mantara is a leading export company dedicated to manufacturing and supplying an extensive range of top-quality beauty and self-care products.\",\"breadcrumb\":{\"@id\":\"https:\/\/www.mantara-uk.com\/product\/electric-multi-function-shaver-2\/#breadcrumb\"},\"inLanguage\":\"es\",\"potentialAction\":[{\"@type\":\"ReadAction\",\"target\":[\"https:\/\/www.mantara-uk.com\/product\/electric-multi-function-shaver-2\/\"]}]},{\"@type\":\"ImageObject\",\"inLanguage\":\"es\",\"@id\":\"https:\/\/www.mantara-uk.com\/product\/electric-multi-function-shaver-2\/#primaryimage\",\"url\":\"https:\/\/www.mantara-uk.com\/wp-content\/uploads\/2023\/11\/SRD1005-1.png\",\"contentUrl\":\"https:\/\/www.mantara-uk.com\/wp-content\/uploads\/2023\/11\/SRD1005-1.png\",\"width\":763,\"height\":783},{\"@type\":\"BreadcrumbList\",\"@id\":\"https:\/\/www.mantara-uk.com\/product\/electric-multi-function-shaver-2\/#breadcrumb\",\"itemListElement\":[{\"@type\":\"ListItem\",\"position\":1,\"name\":\"Home\",\"item\":\"https:\/\/www.mantara-uk.com\/\"},{\"@type\":\"ListItem\",\"position\":2,\"name\":\"Products\",\"item\":\"https:\/\/www.mantara-uk.com\/products\/\"},{\"@type\":\"ListItem\",\"position\":3,\"name\":\"Electric Multi-function Shaver\"}]},{\"@type\":\"WebSite\",\"@id\":\"https:\/\/www.mantara-uk.com\/#website\",\"url\":\"https:\/\/www.mantara-uk.com\/\",\"name\":\"Mantara Ltd.\",\"description\":\"Welcome to Mantara Ltd., your premier partner in the world of beauty and self-care.\",\"publisher\":{\"@id\":\"https:\/\/www.mantara-uk.com\/#organization\"},\"alternateName\":\"Mantara Ltd.\",\"potentialAction\":[{\"@type\":\"SearchAction\",\"target\":{\"@type\":\"EntryPoint\",\"urlTemplate\":\"https:\/\/www.mantara-uk.com\/?s={search_term_string}\"},\"query-input\":{\"@type\":\"PropertyValueSpecification\",\"valueRequired\":true,\"valueName\":\"search_term_string\"}}],\"inLanguage\":\"es\"},{\"@type\":\"Organization\",\"@id\":\"https:\/\/www.mantara-uk.com\/#organization\",\"name\":\"Mantara Ltd.\",\"alternateName\":\"Mantara Ltd.\",\"url\":\"https:\/\/www.mantara-uk.com\/\",\"logo\":{\"@type\":\"ImageObject\",\"inLanguage\":\"es\",\"@id\":\"https:\/\/www.mantara-uk.com\/#\/schema\/logo\/image\/\",\"url\":\"https:\/\/www.mantara-uk.com\/wp-content\/uploads\/2023\/12\/image-175.png\",\"contentUrl\":\"https:\/\/www.mantara-uk.com\/wp-content\/uploads\/2023\/12\/image-175.png\",\"width\":2522,\"height\":2493,\"caption\":\"Mantara Ltd.\"},\"image\":{\"@id\":\"https:\/\/www.mantara-uk.com\/#\/schema\/logo\/image\/\"},\"sameAs\":[\"https:\/\/www.facebook.com\/profile.php?id=61553702361351\",\"https:\/\/x.com\/mantarauk\",\"https:\/\/www.instagram.com\/mantarauk\/\"]}]}<\/script>\n<!-- \/ Yoast SEO plugin. -->","yoast_head_json":{"title":"Electric Multi-function Shaver - Mantara Ltd.","description":"Mantara is a leading export company dedicated to manufacturing and supplying an extensive range of top-quality beauty and self-care products.","robots":{"index":"index","follow":"follow","max-snippet":"max-snippet:-1","max-image-preview":"max-image-preview:large","max-video-preview":"max-video-preview:-1"},"canonical":"https:\/\/www.mantara-uk.com\/es\/producto\/electric-multi-function-shaver-2\/","og_locale":"es_ES","og_type":"article","og_title":"Electric Multi-function Shaver - Mantara Ltd.","og_description":"Mantara is a leading export company dedicated to manufacturing and supplying an extensive range of top-quality beauty and self-care products.","og_url":"https:\/\/www.mantara-uk.com\/es\/producto\/electric-multi-function-shaver-2\/","og_site_name":"Mantara Ltd.","article_publisher":"https:\/\/www.facebook.com\/profile.php?id=61553702361351","article_modified_time":"2024-09-04T03:59:58+00:00","og_image":[{"width":763,"height":783,"url":"https:\/\/www.mantara-uk.com\/wp-content\/uploads\/2023\/11\/SRD1005-1.png","type":"image\/png"}],"twitter_card":"summary_large_image","twitter_site":"@mantarauk","schema":{"@context":"https:\/\/schema.org","@graph":[{"@type":"WebPage","@id":"https:\/\/www.mantara-uk.com\/product\/electric-multi-function-shaver-2\/","url":"https:\/\/www.mantara-uk.com\/product\/electric-multi-function-shaver-2\/","name":"Electric Multi-function Shaver - Mantara Ltd.","isPartOf":{"@id":"https:\/\/www.mantara-uk.com\/#website"},"primaryImageOfPage":{"@id":"https:\/\/www.mantara-uk.com\/product\/electric-multi-function-shaver-2\/#primaryimage"},"image":{"@id":"https:\/\/www.mantara-uk.com\/product\/electric-multi-function-shaver-2\/#primaryimage"},"thumbnailUrl":"https:\/\/www.mantara-uk.com\/wp-content\/uploads\/2023\/11\/SRD1005-1.png","datePublished":"2023-11-22T04:05:18+00:00","dateModified":"2024-09-04T03:59:58+00:00","description":"Mantara is a leading export company dedicated to manufacturing and supplying an extensive range of top-quality beauty and self-care products.","breadcrumb":{"@id":"https:\/\/www.mantara-uk.com\/product\/electric-multi-function-shaver-2\/#breadcrumb"},"inLanguage":"es","potentialAction":[{"@type":"ReadAction","target":["https:\/\/www.mantara-uk.com\/product\/electric-multi-function-shaver-2\/"]}]},{"@type":"ImageObject","inLanguage":"es","@id":"https:\/\/www.mantara-uk.com\/product\/electric-multi-function-shaver-2\/#primaryimage","url":"https:\/\/www.mantara-uk.com\/wp-content\/uploads\/2023\/11\/SRD1005-1.png","contentUrl":"https:\/\/www.mantara-uk.com\/wp-content\/uploads\/2023\/11\/SRD1005-1.png","width":763,"height":783},{"@type":"BreadcrumbList","@id":"https:\/\/www.mantara-uk.com\/product\/electric-multi-function-shaver-2\/#breadcrumb","itemListElement":[{"@type":"ListItem","position":1,"name":"Home","item":"https:\/\/www.mantara-uk.com\/"},{"@type":"ListItem","position":2,"name":"Products","item":"https:\/\/www.mantara-uk.com\/products\/"},{"@type":"ListItem","position":3,"name":"Electric Multi-function Shaver"}]},{"@type":"WebSite","@id":"https:\/\/www.mantara-uk.com\/#website","url":"https:\/\/www.mantara-uk.com\/","name":"Mantara Ltd.","description":"Welcome to Mantara Ltd., your premier partner in the world of beauty and self-care.","publisher":{"@id":"https:\/\/www.mantara-uk.com\/#organization"},"alternateName":"Mantara Ltd.","potentialAction":[{"@type":"SearchAction","target":{"@type":"EntryPoint","urlTemplate":"https:\/\/www.mantara-uk.com\/?s={search_term_string}"},"query-input":{"@type":"PropertyValueSpecification","valueRequired":true,"valueName":"search_term_string"}}],"inLanguage":"es"},{"@type":"Organization","@id":"https:\/\/www.mantara-uk.com\/#organization","name":"Mantara Ltd.","alternateName":"Mantara Ltd.","url":"https:\/\/www.mantara-uk.com\/","logo":{"@type":"ImageObject","inLanguage":"es","@id":"https:\/\/www.mantara-uk.com\/#\/schema\/logo\/image\/","url":"https:\/\/www.mantara-uk.com\/wp-content\/uploads\/2023\/12\/image-175.png","contentUrl":"https:\/\/www.mantara-uk.com\/wp-content\/uploads\/2023\/12\/image-175.png","width":2522,"height":2493,"caption":"Mantara Ltd."},"image":{"@id":"https:\/\/www.mantara-uk.com\/#\/schema\/logo\/image\/"},"sameAs":["https:\/\/www.facebook.com\/profile.php?id=61553702361351","https:\/\/x.com\/mantarauk","https:\/\/www.instagram.com\/mantarauk\/"]}]}},"_links":{"self":[{"href":"https:\/\/www.mantara-uk.com\/es\/wp-json\/wp\/v2\/product\/16887","targetHints":{"allow":["GET"]}}],"collection":[{"href":"https:\/\/www.mantara-uk.com\/es\/wp-json\/wp\/v2\/product"}],"about":[{"href":"https:\/\/www.mantara-uk.com\/es\/wp-json\/wp\/v2\/types\/product"}],"version-history":[{"count":1,"href":"https:\/\/www.mantara-uk.com\/es\/wp-json\/wp\/v2\/product\/16887\/revisions"}],"predecessor-version":[{"id":16889,"href":"https:\/\/www.mantara-uk.com\/es\/wp-json\/wp\/v2\/product\/16887\/revisions\/16889"}],"wp:featuredmedia":[{"embeddable":true,"href":"https:\/\/www.mantara-uk.com\/es\/wp-json\/wp\/v2\/media\/16888"}],"wp:attachment":[{"href":"https:\/\/www.mantara-uk.com\/es\/wp-json\/wp\/v2\/media?parent=16887"}],"wp:term":[{"taxonomy":"product_cat","embeddable":true,"href":"https:\/\/www.mantara-uk.com\/es\/wp-json\/wp\/v2\/product_cat?post=16887"},{"taxonomy":"product_tag","embeddable":true,"href":"https:\/\/www.mantara-uk.com\/es\/wp-json\/wp\/v2\/product_tag?post=16887"}],"curies":[{"name":"wp","href":"https:\/\/api.w.org\/{rel}","templated":true}]}}